{"id":6,"date":"2022-05-25T09:07:39","date_gmt":"2022-05-25T09:07:39","guid":{"rendered":"https:\/\/abbi-essentiels.fr\/?page_id=6"},"modified":"2025-01-08T18:09:26","modified_gmt":"2025-01-08T18:09:26","slug":"apropos","status":"publish","type":"page","link":"https:\/\/abbi-essentiels.fr\/index.php\/apropos\/","title":{"rendered":"A propos"},"content":{"rendered":"\n<div class=\"wp-block-cover alignfull\" style=\"min-height:193px;aspect-ratio:unset;\"><span aria-hidden=\"true\" class=\"wp-block-cover__background has-nv-site-bg-background-color has-background-dim-100 has-background-dim\"><\/span><div class=\"wp-block-cover__inner-container is-layout-flow wp-block-cover-is-layout-flow\">\n<div class=\"wp-block-group\"><div class=\"wp-block-group__inner-container is-layout-flow wp-block-group-is-layout-flow\">\n<h1 class=\"wp-block-heading has-text-align-left has-neve-text-color-color has-text-color\" style=\"font-size:50px;font-style:normal;font-weight:600\">Mieux nous conna\u00eetre<\/h1>\n<\/div><\/div>\n<\/div><\/div>\n\n\n\n<div class=\"wp-block-cover alignfull\" style=\"min-height:1064px;aspect-ratio:unset;\"><span aria-hidden=\"true\" class=\"wp-block-cover__background has-nv-light-bg-background-color has-background-dim-100 has-background-dim\"><\/span><div class=\"wp-block-cover__inner-container is-layout-flow wp-block-cover-is-layout-flow\">\n<div class=\"wp-block-group\"><div class=\"wp-block-group__inner-container is-layout-flow wp-block-group-is-layout-flow\">\n<div style=\"height:38px\" aria-hidden=\"true\" class=\"wp-block-spacer\"><\/div>\n\n\n\n<div class=\"wp-block-columns are-vertically-aligned-center is-layout-flex wp-container-core-columns-is-layout-1 wp-block-columns-is-layout-flex\">\n<div class=\"wp-block-column is-vertically-aligned-center is-layout-flow wp-block-column-is-layout-flow\" style=\"flex-basis:50%\">\n<figure class=\"wp-block-image size-large is-resized\"><img loading=\"lazy\" decoding=\"async\" width=\"683\" height=\"1024\" src=\"https:\/\/abbi-essentiels.fr\/wp-content\/uploads\/2023\/04\/architectural-office-desk-background-construction-project-ideas-concept-with-drawing-equipment-with-mining-light-683x1024.jpg\" alt=\"\" class=\"wp-image-260\" style=\"width:545px;height:817px\" srcset=\"https:\/\/abbi-essentiels.fr\/wp-content\/uploads\/2023\/04\/architectural-office-desk-background-construction-project-ideas-concept-with-drawing-equipment-with-mining-light-683x1024.jpg 683w, https:\/\/abbi-essentiels.fr\/wp-content\/uploads\/2023\/04\/architectural-office-desk-background-construction-project-ideas-concept-with-drawing-equipment-with-mining-light-200x300.jpg 200w, https:\/\/abbi-essentiels.fr\/wp-content\/uploads\/2023\/04\/architectural-office-desk-background-construction-project-ideas-concept-with-drawing-equipment-with-mining-light-768x1152.jpg 768w, https:\/\/abbi-essentiels.fr\/wp-content\/uploads\/2023\/04\/architectural-office-desk-background-construction-project-ideas-concept-with-drawing-equipment-with-mining-light-1024x1536.jpg 1024w, https:\/\/abbi-essentiels.fr\/wp-content\/uploads\/2023\/04\/architectural-office-desk-background-construction-project-ideas-concept-with-drawing-equipment-with-mining-light-1365x2048.jpg 1365w, https:\/\/abbi-essentiels.fr\/wp-content\/uploads\/2023\/04\/architectural-office-desk-background-construction-project-ideas-concept-with-drawing-equipment-with-mining-light-1320x1980.jpg 1320w, https:\/\/abbi-essentiels.fr\/wp-content\/uploads\/2023\/04\/architectural-office-desk-background-construction-project-ideas-concept-with-drawing-equipment-with-mining-light-600x900.jpg 600w, https:\/\/abbi-essentiels.fr\/wp-content\/uploads\/2023\/04\/architectural-office-desk-background-construction-project-ideas-concept-with-drawing-equipment-with-mining-light-scaled.jpg 1707w\" sizes=\"auto, (max-width: 683px) 100vw, 683px\" \/><figcaption class=\"wp-element-caption\">Ar<\/figcaption><\/figure>\n<\/div>\n\n\n\n<div class=\"wp-block-column is-vertically-aligned-center is-layout-flow wp-block-column-is-layout-flow\" style=\"flex-basis:50%\">\n<h2 class=\"wp-block-heading has-neve-text-color-color has-text-color\">ABBI Essentiels\u00ae<\/h2>\n\n\n\n<p class=\"has-neve-text-color-color has-text-color has-medium-font-size\">une marque fran\u00e7aise au service de votre quotidien.<\/p>\n\n\n\n<p><\/p>\n\n\n\n<p class=\"has-neve-link-color-color has-text-color has-link-color wp-elements-9f862ff3b5b8c989ffd67fc79f83be20\"><strong>ABBI Essentiels\u00ae <\/strong>incarne l&rsquo;esprit d&rsquo;une jeune start-up sp\u00e9cialis\u00e9e dans le e-commerce. Notre mission principale : offrir des solutions simples et efficaces aux besoins de nos clients, tout en respectant des valeurs fortes.<\/p>\n\n\n\n<p class=\"has-neve-link-color-color has-text-color has-link-color wp-elements-b03c6bf6fb6c27ca65849030930fc33b\"><strong>Engagement, Qualit\u00e9, Accessibilit\u00e9<\/strong><br>Guid\u00e9e par notre charte d\u2019excellence, <strong>ABBI Essentiels\u00ae<\/strong> s&rsquo;engage \u00e0 proposer des produits de qualit\u00e9 irr\u00e9prochable, accessibles au plus grand nombre. Nous croyons fermement que chaque article de notre gamme doit \u00eatre un alli\u00e9 essentiel dans votre quotidien.<\/p>\n\n\n\n<p class=\"has-neve-link-color-color has-text-color has-link-color wp-elements-25601cb752bba76a5d6f2afb4ef7cde0\"><strong>\u00c9thique et \u00c9cologie<\/strong><br>Nous int\u00e9grons des pratiques responsables et respectueuses de l\u2019environnement dans chacune de nos \u00e9tapes, car vos besoins ne doivent pas se faire au d\u00e9triment de notre plan\u00e8te.<\/p>\n\n\n\n<p class=\"has-neve-link-color-color has-text-color has-link-color wp-elements-4eb88c262ee42bdefa15699d60086f42\"><strong>Logistique optimis\u00e9e pour une satisfaction garantie<\/strong><br>En collaborant exclusivement avec <strong>Amazon<\/strong> pour le stockage, la gestion et la livraison, nous vous assurons une exp\u00e9rience d\u2019achat fluide et rapide. Ce partenariat strat\u00e9gique garantit une efficacit\u00e9 logistique qui refl\u00e8te notre ambition : vous offrir le meilleur, sans compromis.<\/p>\n\n\n\n<p class=\"has-neve-link-color-color has-text-color has-link-color wp-elements-9ecb5af54b4bf786d21cff641bccff77\">Chez <strong>ABBI Essentiels\u00ae<\/strong>, notre engagement va bien au-del\u00e0 de simples produits. Nous construisons une relation de confiance durable avec nos clients, en restant attentifs \u00e0 leurs besoins et en \u00e9voluant \u00e0 leurs c\u00f4t\u00e9s.<\/p>\n\n\n\n<p class=\"has-neve-link-color-color has-text-color has-link-color wp-elements-43d3ec9c1893eabafcc8a76362e69f47\">Parce que l\u2019excellence est notre standard.<\/p>\n\n\n\n<div style=\"height:36px\" aria-hidden=\"true\" class=\"wp-block-spacer\"><\/div>\n\n\n\n<div class=\"wp-block-buttons is-layout-flex wp-block-buttons-is-layout-flex\">\n<div class=\"wp-block-button aligncenter\"><a class=\"wp-block-button__link has-background wp-element-button\" href=\"https:\/\/abbi-essentiels.fr\/index.php\/produits\/\" style=\"background-color:#15668aeb\">D\u00e9couvrir notre gamme produits<\/a><\/div>\n<\/div>\n<\/div>\n<\/div>\n\n\n\n<div style=\"height:20px\" aria-hidden=\"true\" class=\"wp-block-spacer\"><\/div>\n<\/div><\/div>\n<\/div><\/div>\n\n\n\n<div class=\"wp-block-cover alignfull\" style=\"min-height:420px;aspect-ratio:unset;\"><span aria-hidden=\"true\" class=\"wp-block-cover__background has-nv-site-bg-background-color has-background-dim-100 has-background-dim\"><\/span><div class=\"wp-block-cover__inner-container is-layout-flow wp-block-cover-is-layout-flow\">\n<div style=\"height:22px\" aria-hidden=\"true\" class=\"wp-block-spacer\"><\/div>\n\n\n\n<div class=\"wp-block-columns is-layout-flex wp-container-core-columns-is-layout-2 wp-block-columns-is-layout-flex\">\n<div class=\"wp-block-column ticss-4ce656f1 is-layout-flow wp-block-column-is-layout-flow\"><div class=\"wp-block-image icon-style is-style-rounded\">\n<figure class=\"aligncenter size-full is-resized\"><img loading=\"lazy\" decoding=\"async\" width=\"474\" height=\"474\" src=\"https:\/\/abbi-essentiels.fr\/wp-content\/uploads\/2025\/01\/QUALITE-2.jpg\" alt=\"\" class=\"wp-image-951\" style=\"width:115px;height:auto\" srcset=\"https:\/\/abbi-essentiels.fr\/wp-content\/uploads\/2025\/01\/QUALITE-2.jpg 474w, https:\/\/abbi-essentiels.fr\/wp-content\/uploads\/2025\/01\/QUALITE-2-300x300.jpg 300w, https:\/\/abbi-essentiels.fr\/wp-content\/uploads\/2025\/01\/QUALITE-2-150x150.jpg 150w, https:\/\/abbi-essentiels.fr\/wp-content\/uploads\/2025\/01\/QUALITE-2-100x100.jpg 100w\" sizes=\"auto, (max-width: 474px) 100vw, 474px\" \/><\/figure><\/div>\n\n\n<h3 class=\"wp-block-heading has-text-align-center has-neve-text-color-color has-text-color\">Satisfaction client<\/h3>\n\n\n\n<p class=\"has-text-align-left has-neve-text-color-color has-text-color\" style=\"font-size:16px\">Avec plus de <strong>10 ans d\u2019exp\u00e9rience <\/strong>dans le secteur des services, nous pla\u00e7ons la satisfaction client au c\u0153ur de toutes nos actions. Notre engagement est simple : offrir une expertise fran\u00e7aise reconnue et aussi des solutions adapt\u00e9es aux attentes de nos clients.<\/p>\n\n\n\n<p class=\"has-text-align-left has-neve-text-color-color has-text-color\" style=\"font-size:16px\">Chaque interaction est guid\u00e9e par notre volont\u00e9 d\u2019excellence et notre mission de r\u00e9pondre aux besoins avec professionnalisme, r\u00e9activit\u00e9 et attention.<\/p>\n\n\n\n<div style=\"height:20px\" aria-hidden=\"true\" class=\"wp-block-spacer\"><\/div>\n<\/div>\n\n\n\n<div class=\"wp-block-column ticss-f6fc7494 is-layout-flow wp-block-column-is-layout-flow\"><div class=\"wp-block-image icon-style is-style-rounded\">\n<figure class=\"aligncenter size-full is-resized\"><img loading=\"lazy\" decoding=\"async\" width=\"474\" height=\"399\" src=\"https:\/\/abbi-essentiels.fr\/wp-content\/uploads\/2025\/01\/th-2.jpg\" alt=\"\" class=\"wp-image-952\" style=\"aspect-ratio:1;width:115px;height:auto\" srcset=\"https:\/\/abbi-essentiels.fr\/wp-content\/uploads\/2025\/01\/th-2.jpg 474w, https:\/\/abbi-essentiels.fr\/wp-content\/uploads\/2025\/01\/th-2-300x253.jpg 300w\" sizes=\"auto, (max-width: 474px) 100vw, 474px\" \/><\/figure><\/div>\n\n\n<h3 class=\"wp-block-heading has-text-align-center has-neve-text-color-color has-text-color\">Logistique efficace<\/h3>\n\n\n\n<p class=\"has-text-align-left has-neve-link-color-color has-text-color\" style=\"font-size:16px\">Tous nos produits sont soigneusement stock\u00e9s, g\u00e9r\u00e9s et exp\u00e9di\u00e9s depuis les entrep\u00f4ts d&rsquo;<strong>AMAZON Europe<\/strong>. <br><br>Cette collaboration exclusive nous permet de garantir une prise en charge logistique exemplaire, assurant ainsi des livraisons rapides, fiables et optimales pour nos clients.<\/p>\n<\/div>\n\n\n\n<div class=\"wp-block-column ticss-a5b4df29 is-layout-flow wp-block-column-is-layout-flow\"><div class=\"wp-block-image icon-style is-style-rounded\">\n<figure class=\"aligncenter size-large is-resized\"><img loading=\"lazy\" decoding=\"async\" width=\"1024\" height=\"1024\" src=\"https:\/\/abbi-essentiels.fr\/wp-content\/uploads\/2025\/01\/QUALITE2-1-1024x1024.jpg\" alt=\"\" class=\"wp-image-954\" style=\"width:115px;height:auto\" srcset=\"https:\/\/abbi-essentiels.fr\/wp-content\/uploads\/2025\/01\/QUALITE2-1-1024x1024.jpg 1024w, https:\/\/abbi-essentiels.fr\/wp-content\/uploads\/2025\/01\/QUALITE2-1-300x300.jpg 300w, https:\/\/abbi-essentiels.fr\/wp-content\/uploads\/2025\/01\/QUALITE2-1-150x150.jpg 150w, https:\/\/abbi-essentiels.fr\/wp-content\/uploads\/2025\/01\/QUALITE2-1-768x768.jpg 768w, https:\/\/abbi-essentiels.fr\/wp-content\/uploads\/2025\/01\/QUALITE2-1-600x600.jpg 600w, https:\/\/abbi-essentiels.fr\/wp-content\/uploads\/2025\/01\/QUALITE2-1-100x100.jpg 100w, https:\/\/abbi-essentiels.fr\/wp-content\/uploads\/2025\/01\/QUALITE2-1.jpg 1200w\" sizes=\"auto, (max-width: 1024px) 100vw, 1024px\" \/><\/figure><\/div>\n\n\n<h3 class=\"wp-block-heading has-text-align-center has-neve-text-color-color has-text-color\">Charte \u00ab\u00a0Excellence\u00a0\u00bb<\/h3>\n\n\n\n<p class=\"has-text-align-left has-neve-text-color-color has-text-color\" style=\"font-size:16px\">La qualit\u00e9 est au c\u0153ur de notre <strong>ADN<\/strong>. <br>C&rsquo;est pourquoi tous nos produits sont rigoureusement con\u00e7us pour r\u00e9pondre aux exigences de notre charte \u00ab\u00a0<strong>Excellence Qualit\u00e9<\/strong>\u00ab\u00a0. Cet engagement va de pair avec notre responsabilit\u00e9 \u00e9cologique accompagn\u00e9 de pratiques respectueuses de l&rsquo;environnement.<\/p>\n\n\n\n<p class=\"has-text-align-left has-neve-text-color-color has-text-color\" style=\"font-size:16px\">C&rsquo;est ainsi que nous \u0153uvrons chaque jour pour offrir des produits fiables, durables et \u00e9co-responsables, refl\u00e9tant notre vision d\u2019une excellence accessible \u00e0 tous.<\/p>\n\n\n\n<div style=\"height:20px\" aria-hidden=\"true\" class=\"wp-block-spacer\"><\/div>\n<\/div>\n<\/div>\n\n\n\n<div style=\"height:30px\" aria-hidden=\"true\" class=\"wp-block-spacer\"><\/div>\n<\/div><\/div>\n","protected":false},"excerpt":{"rendered":"","protected":false},"author":1,"featured_media":0,"parent":0,"menu_order":0,"comment_status":"closed","ping_status":"closed","template":"","meta":{"om_disable_all_campaigns":false,"_monsterinsights_skip_tracking":false,"_monsterinsights_sitenote_active":false,"_monsterinsights_sitenote_note":"","_monsterinsights_sitenote_category":0,"neve_meta_sidebar":"","neve_meta_container":"","neve_meta_enable_content_width":"on","neve_meta_content_width":100,"neve_meta_title_alignment":"","neve_meta_author_avatar":"","neve_post_elements_order":"","neve_meta_disable_header":"","neve_meta_disable_footer":"","neve_meta_disable_title":"on","_themeisle_gutenberg_block_has_review":false,"footnotes":""},"class_list":["post-6","page","type-page","status-publish","hentry"],"aioseo_notices":[],"jetpack_sharing_enabled":true,"_links":{"self":[{"href":"https:\/\/abbi-essentiels.fr\/index.php\/wp-json\/wp\/v2\/pages\/6","targetHints":{"allow":["GET"]}}],"collection":[{"href":"https:\/\/abbi-essentiels.fr\/index.php\/wp-json\/wp\/v2\/pages"}],"about":[{"href":"https:\/\/abbi-essentiels.fr\/index.php\/wp-json\/wp\/v2\/types\/page"}],"author":[{"embeddable":true,"href":"https:\/\/abbi-essentiels.fr\/index.php\/wp-json\/wp\/v2\/users\/1"}],"replies":[{"embeddable":true,"href":"https:\/\/abbi-essentiels.fr\/index.php\/wp-json\/wp\/v2\/comments?post=6"}],"version-history":[{"count":23,"href":"https:\/\/abbi-essentiels.fr\/index.php\/wp-json\/wp\/v2\/pages\/6\/revisions"}],"predecessor-version":[{"id":956,"href":"https:\/\/abbi-essentiels.fr\/index.php\/wp-json\/wp\/v2\/pages\/6\/revisions\/956"}],"wp:attachment":[{"href":"https:\/\/abbi-essentiels.fr\/index.php\/wp-json\/wp\/v2\/media?parent=6"}],"curies":[{"name":"wp","href":"https:\/\/api.w.org\/{rel}","templated":true}]}}