{"id":1005,"date":"2025-01-20T13:29:22","date_gmt":"2025-01-20T13:29:22","guid":{"rendered":"https:\/\/abbi-essentiels.fr\/?post_type=product&#038;p=1005"},"modified":"2025-01-20T15:51:09","modified_gmt":"2025-01-20T15:51:09","slug":"capsules-recharge-abbisense-4-capsules-pods-saveur-passion","status":"publish","type":"product","link":"https:\/\/abbi-essentiels.fr\/index.php\/produit\/capsules-recharge-abbisense-4-capsules-pods-saveur-passion\/","title":{"rendered":"Capsules recharge ABBISENSE\u2122 | 4 capsules pods saveur PASSION"},"content":{"rendered":"<ul class=\"a-unordered-list a-vertical a-spacing-mini\">\n<li class=\"a-spacing-mini\"><span class=\"a-list-item\">\ud83e\udd64KIT DE RECHARGE : Profitez d\u00e9sormais pleinement de votre Air Gourde ABBISENSE gr\u00e2ce \u00e0 nos kits de capsules de recharge disponibles en 6 variations de go\u00fbts fruit\u00e9s. Chaque kit vous offrant au moins 24 litres d&rsquo;eau aromatis\u00e9e, pour une exp\u00e9rience durable et savoureuse \u00e0 chaque utilisation.<\/span><\/li>\n<li><\/li>\n<li class=\"a-spacing-mini\"><span class=\"a-list-item\">\ud83c\udf40 SOLUTION NATURELLE : Nos capsules sont de composition 100% naturelle. Elabor\u00e9es \u00e0 base d&rsquo;extrait de plantes, de fibres v\u00e9g\u00e9tales et d&rsquo;ar\u00f4mes alimentaire, les saveurs de nos CAPS n&rsquo;ont aucun impact sur la sant\u00e9. Seule la sensibilit\u00e9 de votre odorat peut avoir une influence sur le ressenti de nos saveurs fruit\u00e9es.<\/span><\/li>\n<li><\/li>\n<li class=\"a-spacing-mini\"><span class=\"a-list-item\">\ud83d\udca6 AIMER BOIRE DE L&rsquo;EAU : Pour aider vos enfants ou vous m\u00eame \u00e0 boire plus d&rsquo;eau \u00e0 la place des sodas et jus hyper sucr\u00e9s, nos capsules compatibles avec notre Air Gourde ABBISENSE seront votre nouvel alli\u00e9 pour rendre l&rsquo;eau plus attrayante. Vous serez naturellement incit\u00e9 \u00e0 boire davantage, chaque gorg\u00e9e \u00e9tant associ\u00e9e \u00e0 une d\u00e9couverte d&rsquo;ar\u00f4mes agr\u00e9ables.<\/span><\/li>\n<li><\/li>\n<li class=\"a-spacing-mini\"><span class=\"a-list-item\">\u267b\ufe0f ECONOMIQUE ET ECO-RESPONSABLE : Faites un geste pour la plan\u00e8te en optant pour nos capsules et r\u00e9duisez la consommation des bouteilles plastiques \u00e0 usage unique. Chacune de nos capsules vous permettra de consommer jusqu&rsquo;\u00e0 6 litres d&rsquo;eau aromatis\u00e9e.<\/span><\/li>\n<li><\/li>\n<li class=\"a-spacing-mini\"><span class=\"a-list-item\">\ud83c\udf47 CONTENU DE NOTRE KIT : 4 capsules go\u00fbt PASSION compatibles avec notre Air Gourde ABBISENSE.<\/span><\/li>\n<\/ul>\n","protected":false},"excerpt":{"rendered":"<p>Capsules recharge ABBISENSE\u2122 | 4 capsules pods saveur PASSION | 0 sucre 100% naturel boisson eau aromatis\u00e9e FRUITS<\/p>\n","protected":false},"featured_media":1001,"comment_status":"open","ping_status":"closed","template":"","meta":{"om_disable_all_campaigns":false,"_monsterinsights_skip_tracking":false,"_monsterinsights_sitenote_active":false,"_monsterinsights_sitenote_note":"","_monsterinsights_sitenote_category":0,"neve_meta_sidebar":"","neve_meta_container":"","neve_meta_enable_content_width":"off","neve_meta_content_width":100,"neve_meta_title_alignment":"","neve_meta_author_avatar":"","neve_post_elements_order":"","neve_meta_disable_header":"","neve_meta_disable_footer":"","neve_meta_disable_title":"","_themeisle_gutenberg_block_has_review":false},"product_brand":[],"product_cat":[34],"product_tag":[],"class_list":{"0":"post-1005","1":"product","2":"type-product","3":"status-publish","4":"has-post-thumbnail","6":"product_cat-abbisense","8":"first","9":"instock","10":"shipping-taxable","11":"product-type-external"},"aioseo_notices":[],"jetpack_sharing_enabled":true,"_links":{"self":[{"href":"https:\/\/abbi-essentiels.fr\/index.php\/wp-json\/wp\/v2\/product\/1005","targetHints":{"allow":["GET"]}}],"collection":[{"href":"https:\/\/abbi-essentiels.fr\/index.php\/wp-json\/wp\/v2\/product"}],"about":[{"href":"https:\/\/abbi-essentiels.fr\/index.php\/wp-json\/wp\/v2\/types\/product"}],"replies":[{"embeddable":true,"href":"https:\/\/abbi-essentiels.fr\/index.php\/wp-json\/wp\/v2\/comments?post=1005"}],"wp:featuredmedia":[{"embeddable":true,"href":"https:\/\/abbi-essentiels.fr\/index.php\/wp-json\/wp\/v2\/media\/1001"}],"wp:attachment":[{"href":"https:\/\/abbi-essentiels.fr\/index.php\/wp-json\/wp\/v2\/media?parent=1005"}],"wp:term":[{"taxonomy":"product_brand","embeddable":true,"href":"https:\/\/abbi-essentiels.fr\/index.php\/wp-json\/wp\/v2\/product_brand?post=1005"},{"taxonomy":"product_cat","embeddable":true,"href":"https:\/\/abbi-essentiels.fr\/index.php\/wp-json\/wp\/v2\/product_cat?post=1005"},{"taxonomy":"product_tag","embeddable":true,"href":"https:\/\/abbi-essentiels.fr\/index.php\/wp-json\/wp\/v2\/product_tag?post=1005"}],"curies":[{"name":"wp","href":"https:\/\/api.w.org\/{rel}","templated":true}]}}