{"id":484,"date":"2023-10-15T16:00:10","date_gmt":"2023-10-15T16:00:10","guid":{"rendered":"https:\/\/abbi-essentiels.fr\/?post_type=product&#038;p=484"},"modified":"2025-01-27T18:00:57","modified_gmt":"2025-01-27T18:00:57","slug":"seringues-nasales-bebe","status":"publish","type":"product","link":"https:\/\/abbi-essentiels.fr\/index.php\/produit\/seringues-nasales-bebe\/","title":{"rendered":"Seringues nasales b\u00e9b\u00e9 kit x4 + 2 aiguilles de remplissage"},"content":{"rendered":"<ul class=\"a-unordered-list a-vertical a-spacing-mini\">\n<li class=\"a-spacing-mini\"><span class=\"a-list-item\">\u2714\ufe0f FINI LES ANGOISSES DU LAVAGE DE NEZ : Plus de cris, de pleurs ou de batailles avec votre b\u00e9b\u00e9 ! Avec nos seringues, le lavage de nez ne sera plus une \u00e9preuve, mais un moment de soin tout en douceur. Ce geste essentiel pour la sant\u00e9 de votre enfant se fait d\u00e9sormais sans stress, pour vous comme pour lui.<\/span><\/li>\n<li class=\"a-spacing-mini\"><span class=\"a-list-item\">\ud83d\udc4d UN LAVAGE DE NEZ EFFICACE. Nos seringues sont votre alli\u00e9 parfait pour un lavage de nez r\u00e9ussi, aidant \u00e0 pr\u00e9venir les otites, sinusites et autres complications li\u00e9es aux rhumes, bronchiolites ou allergies. Une injection de s\u00e9rum physiologique permet d&rsquo;\u00e9vacuer efficacement les s\u00e9cr\u00e9tions, offrant \u00e0 votre enfant un soulagement imm\u00e9diat.<\/span><\/li>\n<li class=\"a-spacing-mini\"><span class=\"a-list-item\">\ud83d\udc43 AIDEZ VOTRE ENFANT A MIEUX RESPIRER : Gr\u00e2ce \u00e0 nos seringues, aidez votre enfant \u00e0 respirer plus facilement. Le lavage de nez apaise les muqueuses et nettoie les voies respiratoires, aidant votre b\u00e9b\u00e9 \u00e0 retrouver app\u00e9tit et sommeil. Et vous, \u00e0 retrouver vos nuits !<\/span><\/li>\n<li class=\"a-spacing-mini\"><span class=\"a-list-item\">\u274c STOP AUX PIPETTES : Avec leurs embouts en silicone doux, nos seringues prot\u00e8gent votre enfant des petits bobos li\u00e9s aux pipettes ou mouche-b\u00e9b\u00e9. Fabriqu\u00e9es avec des mat\u00e9riaux s\u00fbrs et sans bisph\u00e9nol A (certifi\u00e9es norme CE 2017\/745), elles sont \u00e9conomiques et \u00e9cologiques gr\u00e2ce aux pointes de remplissage qui facilitent l\u2019utilisation du s\u00e9rum physiologique en bouteille.<\/span><\/li>\n<li class=\"a-spacing-mini\"><span class=\"a-list-item\">\ud83c\udfc6 VU A LA TV sur FRANCE 5. Approuv\u00e9es par les parents et recommand\u00e9es par les professionnels de la petite enfance, elles font partie des essentiels de nombreux p\u00e9diatres et assistantes maternelles. Les essayer, c\u2019est les adopter ! D\u00e8s l\u2019\u00e2ge de 3-4 mois, nos seringues sont id\u00e9ales pour le lavage de nez de votre b\u00e9b\u00e9.<\/span><\/li>\n<\/ul>\n<p><img loading=\"lazy\" decoding=\"async\" class=\"aligncenter wp-image-1031 size-large\" src=\"https:\/\/abbi-essentiels.fr\/wp-content\/uploads\/2023\/10\/SERINGUE-1024x634.jpg\" alt=\"\" width=\"1024\" height=\"634\" srcset=\"https:\/\/abbi-essentiels.fr\/wp-content\/uploads\/2023\/10\/SERINGUE-1024x634.jpg 1024w, https:\/\/abbi-essentiels.fr\/wp-content\/uploads\/2023\/10\/SERINGUE-300x186.jpg 300w, https:\/\/abbi-essentiels.fr\/wp-content\/uploads\/2023\/10\/SERINGUE-768x475.jpg 768w, https:\/\/abbi-essentiels.fr\/wp-content\/uploads\/2023\/10\/SERINGUE-1536x950.jpg 1536w, https:\/\/abbi-essentiels.fr\/wp-content\/uploads\/2023\/10\/SERINGUE-2048x1267.jpg 2048w, https:\/\/abbi-essentiels.fr\/wp-content\/uploads\/2023\/10\/SERINGUE-600x371.jpg 600w\" sizes=\"auto, (max-width: 1024px) 100vw, 1024px\" \/><\/p>\n","protected":false},"excerpt":{"rendered":"<p>Mouche b\u00e9b\u00e9 seringue nasale 10ml ABBICARE\u2122 sans BPA &#8211; Certifi\u00e9 CE | Kit 4 seringues avec embouts silicone + 2 pointes de remplissage + guide conseil<\/p>\n","protected":false},"featured_media":640,"comment_status":"open","ping_status":"closed","template":"","meta":{"om_disable_all_campaigns":false,"_monsterinsights_skip_tracking":false,"_monsterinsights_sitenote_active":false,"_monsterinsights_sitenote_note":"","_monsterinsights_sitenote_category":0,"neve_meta_sidebar":"","neve_meta_container":"","neve_meta_enable_content_width":"off","neve_meta_content_width":100,"neve_meta_title_alignment":"","neve_meta_author_avatar":"","neve_post_elements_order":"","neve_meta_disable_header":"","neve_meta_disable_footer":"","neve_meta_disable_title":"","_themeisle_gutenberg_block_has_review":false},"product_brand":[],"product_cat":[33],"product_tag":[45],"class_list":{"0":"post-484","1":"product","2":"type-product","3":"status-publish","4":"has-post-thumbnail","6":"product_cat-abbicare","7":"product_tag-univers-bebe-sante","9":"first","10":"instock","11":"sale","12":"shipping-taxable","13":"product-type-external"},"aioseo_notices":[],"jetpack_sharing_enabled":true,"_links":{"self":[{"href":"https:\/\/abbi-essentiels.fr\/index.php\/wp-json\/wp\/v2\/product\/484","targetHints":{"allow":["GET"]}}],"collection":[{"href":"https:\/\/abbi-essentiels.fr\/index.php\/wp-json\/wp\/v2\/product"}],"about":[{"href":"https:\/\/abbi-essentiels.fr\/index.php\/wp-json\/wp\/v2\/types\/product"}],"replies":[{"embeddable":true,"href":"https:\/\/abbi-essentiels.fr\/index.php\/wp-json\/wp\/v2\/comments?post=484"}],"wp:featuredmedia":[{"embeddable":true,"href":"https:\/\/abbi-essentiels.fr\/index.php\/wp-json\/wp\/v2\/media\/640"}],"wp:attachment":[{"href":"https:\/\/abbi-essentiels.fr\/index.php\/wp-json\/wp\/v2\/media?parent=484"}],"wp:term":[{"taxonomy":"product_brand","embeddable":true,"href":"https:\/\/abbi-essentiels.fr\/index.php\/wp-json\/wp\/v2\/product_brand?post=484"},{"taxonomy":"product_cat","embeddable":true,"href":"https:\/\/abbi-essentiels.fr\/index.php\/wp-json\/wp\/v2\/product_cat?post=484"},{"taxonomy":"product_tag","embeddable":true,"href":"https:\/\/abbi-essentiels.fr\/index.php\/wp-json\/wp\/v2\/product_tag?post=484"}],"curies":[{"name":"wp","href":"https:\/\/api.w.org\/{rel}","templated":true}]}}