{"id":564,"date":"2023-10-15T15:54:59","date_gmt":"2023-10-15T15:54:59","guid":{"rendered":"https:\/\/abbi-essentiels.fr\/?post_type=product&#038;p=564"},"modified":"2026-03-24T11:07:34","modified_gmt":"2026-03-24T11:07:34","slug":"kit-80-feutres-a-alcool","status":"publish","type":"product","link":"https:\/\/abbi-essentiels.fr\/index.php\/produit\/kit-80-feutres-a-alcool\/","title":{"rendered":"80 Feutres alcool double pointe"},"content":{"rendered":"<p>Le marqueur alcool <strong>ABBICREA\u2122<\/strong> est un feutre double pointe dot\u00e9 d\u2019une pointe fine pour le travail des d\u00e9tails et d\u2019une pointe large biseaut\u00e9e pour le travail des aplats. Destin\u00e9s pour tout public mais aussi aux \u00e9tudiants en \u00e9coles d\u2019art, aux illustrateurs, amateurs de mangas, ces stylo feutres sont une option de choix pas cher en mati\u00e8re de marqueurs \u00e0 alcool, id\u00e9ale autant pour les d\u00e9butants que pour les artistes plus exp\u00e9riment\u00e9s.<\/p>\n<p><span class=\"a-list-item\">\ud83c\udf96\ufe0f DESSINEZ COMME UN PRO : D\u00e9couvrez la richesse des couleurs de nos feutres \u00e0 alcool, parfaits pour tous vos dessins, mandalas, mangas, ou croquis, que vous soyez d\u00e9butant ou illustrateur confirm\u00e9.<\/span><\/p>\n<p><span class=\"a-list-item\">\ud83d\udc51 TOUS TYPES D&rsquo;USAGES : Nos feutres sont id\u00e9aux pour tous, enfants comme adultes, amateurs ou professionnels. Coloriez, dessinez, surlignez, et laissez libre cours \u00e0 votre cr\u00e9ativit\u00e9 !<\/span><\/p>\n<p><span class=\"a-list-item\">\ud83d\udd16POUR LE PLAISIR DE DESSINER : Passez des heures avec nos feutres \u00e0 alcool. 80 couleurs \u00e9clatantes et inspirantes vous attendent pour donner vie \u00e0 toutes vos id\u00e9es !<\/span><\/p>\n<p><span class=\"a-list-item\">\ud83d\udd8a\ufe0f PRECISION ET POLYVALENCE : Gr\u00e2ce \u00e0 leur double pointe, r\u00e9alisez des d\u00e9tails pr\u00e9cis avec la pointe fine et des aplats parfaits avec la pointe large pour des m\u00e9langes et d\u00e9grad\u00e9s harmonieux.<\/span><\/p>\n<p><span class=\"a-list-item\">\ud83d\udee1\ufe0f SANS DANGER : Nos feutres sont non toxiques, sans acide, et sans odeur. L\u2019encre \u00e0 base d\u2019alcool s\u00e8che rapidement et est respectueuse de l&rsquo;environnement.<\/span><\/p>\n<p><span class=\"a-list-item\">\ud83c\udf80 COFFRET COMPLET : Emportez vos marqueurs partout avec sa sacoche, deux stylos liners, et un gant artiste pour un coloriage propre. \ud83c\udf81 Id\u00e9al pour offrir !<\/span><\/p>\n<p><img loading=\"lazy\" decoding=\"async\" class=\"aligncenter wp-image-1046 size-full\" src=\"https:\/\/abbi-essentiels.fr\/wp-content\/uploads\/2023\/10\/marker.jpg\" alt=\"\" width=\"970\" height=\"600\" srcset=\"https:\/\/abbi-essentiels.fr\/wp-content\/uploads\/2023\/10\/marker.jpg 970w, https:\/\/abbi-essentiels.fr\/wp-content\/uploads\/2023\/10\/marker-300x186.jpg 300w, https:\/\/abbi-essentiels.fr\/wp-content\/uploads\/2023\/10\/marker-768x475.jpg 768w, https:\/\/abbi-essentiels.fr\/wp-content\/uploads\/2023\/10\/marker-600x371.jpg 600w\" sizes=\"auto, (max-width: 970px) 100vw, 970px\" \/><\/p>\n","protected":false},"excerpt":{"rendered":"<p>80 feutres alcool ABBICREA\u2122 double pointe kit dessin : trousse, liners et gants artiste OFFERTS | Coloriage adulte, enfant, d\u00e9butant ou professionne<\/p>\n","protected":false},"featured_media":565,"comment_status":"open","ping_status":"closed","template":"","meta":{"om_disable_all_campaigns":false,"_monsterinsights_skip_tracking":false,"_monsterinsights_sitenote_active":false,"_monsterinsights_sitenote_note":"","_monsterinsights_sitenote_category":0,"neve_meta_sidebar":"","neve_meta_container":"","neve_meta_enable_content_width":"off","neve_meta_content_width":100,"neve_meta_title_alignment":"","neve_meta_author_avatar":"","neve_post_elements_order":"","neve_meta_disable_header":"","neve_meta_disable_footer":"","neve_meta_disable_title":"","_themeisle_gutenberg_block_has_review":false},"product_brand":[],"product_cat":[22],"product_tag":[46],"class_list":{"0":"post-564","1":"product","2":"type-product","3":"status-publish","4":"has-post-thumbnail","6":"product_cat-abbicrea","7":"product_tag-univers-creatif","9":"first","10":"instock","11":"sale","12":"shipping-taxable","13":"purchasable","14":"product-type-simple"},"aioseo_notices":[],"jetpack_sharing_enabled":true,"_links":{"self":[{"href":"https:\/\/abbi-essentiels.fr\/index.php\/wp-json\/wp\/v2\/product\/564","targetHints":{"allow":["GET"]}}],"collection":[{"href":"https:\/\/abbi-essentiels.fr\/index.php\/wp-json\/wp\/v2\/product"}],"about":[{"href":"https:\/\/abbi-essentiels.fr\/index.php\/wp-json\/wp\/v2\/types\/product"}],"replies":[{"embeddable":true,"href":"https:\/\/abbi-essentiels.fr\/index.php\/wp-json\/wp\/v2\/comments?post=564"}],"wp:featuredmedia":[{"embeddable":true,"href":"https:\/\/abbi-essentiels.fr\/index.php\/wp-json\/wp\/v2\/media\/565"}],"wp:attachment":[{"href":"https:\/\/abbi-essentiels.fr\/index.php\/wp-json\/wp\/v2\/media?parent=564"}],"wp:term":[{"taxonomy":"product_brand","embeddable":true,"href":"https:\/\/abbi-essentiels.fr\/index.php\/wp-json\/wp\/v2\/product_brand?post=564"},{"taxonomy":"product_cat","embeddable":true,"href":"https:\/\/abbi-essentiels.fr\/index.php\/wp-json\/wp\/v2\/product_cat?post=564"},{"taxonomy":"product_tag","embeddable":true,"href":"https:\/\/abbi-essentiels.fr\/index.php\/wp-json\/wp\/v2\/product_tag?post=564"}],"curies":[{"name":"wp","href":"https:\/\/api.w.org\/{rel}","templated":true}]}}