{"id":962,"date":"2025-01-08T18:00:44","date_gmt":"2025-01-08T18:00:44","guid":{"rendered":"https:\/\/abbi-essentiels.fr\/?post_type=product&#038;p=962"},"modified":"2025-05-11T17:55:29","modified_gmt":"2025-05-11T17:55:29","slug":"rasoir-anti-bouloche-usb-rechargeable","status":"publish","type":"product","link":"https:\/\/abbi-essentiels.fr\/index.php\/produit\/rasoir-anti-bouloche-usb-rechargeable\/","title":{"rendered":"Rasoir anti-bouloche USB rechargeable"},"content":{"rendered":"<ul class=\"a-unordered-list a-vertical a-spacing-mini\">\n<li class=\"a-spacing-mini\"><span class=\"a-list-item\">\u2728 FINI LES BOULOCHES ET PELUCHES : Fatigu\u00e9(e) de voir vos v\u00eatements perdre de leur beaut\u00e9 \u00e0 cause des bouloches ? Avec notre rasoir anti-bouloche, retrouvez facilement l\u2019\u00e9clat de vos pi\u00e8ces pr\u00e9f\u00e9r\u00e9es ! Pulls, pantalons, couvertures\u2026 retrouvez-les comme neufs en quelques secondes.<\/span><\/li>\n<li><\/li>\n<li class=\"a-spacing-mini\"><span class=\"a-list-item\">\ud83c\udf1f UNE PRISE EN MAIN PARFAITE : Avec son design \u00e9l\u00e9gant et son toucher confortable, notre rasoir Anti-Bouloche est facile \u00e0 utiliser et agr\u00e9able \u00e0 manipuler. Adapt\u00e9 \u00e0 tous les types de tissus, qu&rsquo;ils soient d\u00e9licats ou r\u00e9sistants, c\u2019est l\u2019outil indispensable pour entretenir votre garde-robe. Compact et bien pens\u00e9, il est aussi le compagnon id\u00e9al pour vos voyages.<\/span><\/li>\n<li><\/li>\n<li class=\"a-spacing-mini\"><span class=\"a-list-item\">\ud83c\udf0d DURABLE &amp; RECHARGEABLE : Fini les rasoirs jetables ! Notre rasoir est con\u00e7u pour durer et se recharge facilement, plus besoin de piles. Avec sa batterie 800mAh, profitez d&rsquo;une longue utilisation. \u00c9conomique et respectueux de l&rsquo;environnement, il s&rsquo;inscrit dans une d\u00e9marche durable. Les lames interchangeables (avec 2 lames de rechange incluses) vous assurent une longue dur\u00e9e de vie.<\/span><\/li>\n<li><\/li>\n<li class=\"a-spacing-mini\"><span class=\"a-list-item\">\ud83d\udd04 FACILE \u00c0 ENTRETENIR : Con\u00e7u pour \u00eatre pratique et \u00e9l\u00e9gant, notre rasoir Anti-Bouloche est dot\u00e9 d\u2019un compartiment de r\u00e9cup\u00e9ration facile \u00e0 retirer et de grande capacit\u00e9, pour un nettoyage rapide et sans effort. La petite brosse incluse permet un nettoyage parfait, et sa pochette de rangement garde tous ses accessoires bien organis\u00e9s.<\/span><\/li>\n<li><\/li>\n<li class=\"a-spacing-mini\"><span class=\"a-list-item\">\ud83c\udf81 LE CADEAU ID\u00c9AL : \u00c0 la recherche du cadeau parfait pour un amateur de mode ou de cocooning ? Notre rasoire est le choix id\u00e9al. Offrez un kit complet, de qualit\u00e9 et respectueux de l\u2019environnement, avec la certitude de faire plaisir \u00e0 vos proches.<\/span><\/li>\n<\/ul>\n","protected":false},"excerpt":{"rendered":"<p id=\"title\" class=\"a-size-large a-spacing-none\"><span id=\"productTitle\" class=\"a-size-large product-title-word-break\">Rasoir anti-bouloche ABBI Essentiels &#8211; USB Rechargeable, 2 Lames de Rechange, Pochon de Rangement | Pulls V\u00eatements Canap\u00e9s Tissus | Batterie Longue Dur\u00e9e<\/span><\/p>\n","protected":false},"featured_media":963,"comment_status":"open","ping_status":"closed","template":"","meta":{"om_disable_all_campaigns":false,"_monsterinsights_skip_tracking":false,"_monsterinsights_sitenote_active":false,"_monsterinsights_sitenote_note":"","_monsterinsights_sitenote_category":0,"neve_meta_sidebar":"","neve_meta_container":"","neve_meta_enable_content_width":"off","neve_meta_content_width":100,"neve_meta_title_alignment":"","neve_meta_author_avatar":"","neve_post_elements_order":"","neve_meta_disable_header":"","neve_meta_disable_footer":"","neve_meta_disable_title":"","_themeisle_gutenberg_block_has_review":false},"product_brand":[],"product_cat":[39],"product_tag":[44],"class_list":{"0":"post-962","1":"product","2":"type-product","3":"status-publish","4":"has-post-thumbnail","6":"product_cat-abbi-essentiels","7":"product_tag-univers-maison","9":"first","10":"instock","11":"sale","12":"featured","13":"shipping-taxable","14":"product-type-external"},"aioseo_notices":[],"jetpack_sharing_enabled":true,"_links":{"self":[{"href":"https:\/\/abbi-essentiels.fr\/index.php\/wp-json\/wp\/v2\/product\/962","targetHints":{"allow":["GET"]}}],"collection":[{"href":"https:\/\/abbi-essentiels.fr\/index.php\/wp-json\/wp\/v2\/product"}],"about":[{"href":"https:\/\/abbi-essentiels.fr\/index.php\/wp-json\/wp\/v2\/types\/product"}],"replies":[{"embeddable":true,"href":"https:\/\/abbi-essentiels.fr\/index.php\/wp-json\/wp\/v2\/comments?post=962"}],"wp:featuredmedia":[{"embeddable":true,"href":"https:\/\/abbi-essentiels.fr\/index.php\/wp-json\/wp\/v2\/media\/963"}],"wp:attachment":[{"href":"https:\/\/abbi-essentiels.fr\/index.php\/wp-json\/wp\/v2\/media?parent=962"}],"wp:term":[{"taxonomy":"product_brand","embeddable":true,"href":"https:\/\/abbi-essentiels.fr\/index.php\/wp-json\/wp\/v2\/product_brand?post=962"},{"taxonomy":"product_cat","embeddable":true,"href":"https:\/\/abbi-essentiels.fr\/index.php\/wp-json\/wp\/v2\/product_cat?post=962"},{"taxonomy":"product_tag","embeddable":true,"href":"https:\/\/abbi-essentiels.fr\/index.php\/wp-json\/wp\/v2\/product_tag?post=962"}],"curies":[{"name":"wp","href":"https:\/\/api.w.org\/{rel}","templated":true}]}}